{"id":15664,"date":"2023-12-12T08:56:12","date_gmt":"2023-12-12T08:56:12","guid":{"rendered":"https:\/\/biodarma.com\/?page_id=15664"},"modified":"2026-05-06T11:55:41","modified_gmt":"2026-05-06T09:55:41","slug":"nuestro-origen","status":"publish","type":"page","link":"https:\/\/biodarma.com\/en\/nuestro-origen","title":{"rendered":"Our origin"},"content":{"rendered":"<div data-elementor-type=\"wp-page\" data-elementor-id=\"15664\" class=\"elementor elementor-15664\" data-elementor-post-type=\"page\">\n\t\t\t\t\t\t<section class=\"wd-negative-gap elementor-section elementor-top-section elementor-element elementor-element-3d3f9630 elementor-section-content-middle elementor-section-height-min-height elementor-section-stretched elementor-section-boxed elementor-section-height-default elementor-section-items-middle\" data-id=\"3d3f9630\" data-element_type=\"section\" data-settings=\"{&quot;background_background&quot;:&quot;classic&quot;,&quot;stretch_section&quot;:&quot;section-stretched&quot;}\">\n\t\t\t\t\t\t\t<div class=\"elementor-background-overlay\"><\/div>\n\t\t\t\t\t\t\t<div class=\"elementor-container elementor-column-gap-default\">\n\t\t\t\t\t<div class=\"elementor-column elementor-col-100 elementor-top-column elementor-element elementor-element-6f9c3844\" data-id=\"6f9c3844\" data-element_type=\"column\">\n\t\t\t<div class=\"elementor-widget-wrap elementor-element-populated\">\n\t\t\t\t\t\t<div class=\"elementor-element elementor-element-4d88c8a1 elementor-widget elementor-widget-spacer\" data-id=\"4d88c8a1\" data-element_type=\"widget\" data-widget_type=\"spacer.default\">\n\t\t\t\t<div class=\"elementor-widget-container\">\n\t\t\t\t\t\t\t<div class=\"elementor-spacer\">\n\t\t\t<div class=\"elementor-spacer-inner\"><\/div>\n\t\t<\/div>\n\t\t\t\t\t\t<\/div>\n\t\t\t\t<\/div>\n\t\t\t\t<div class=\"elementor-element elementor-element-461c630 elementor-widget elementor-widget-heading\" data-id=\"461c630\" data-element_type=\"widget\" data-widget_type=\"heading.default\">\n\t\t\t\t<div class=\"elementor-widget-container\">\n\t\t\t\t\t<h2 class=\"elementor-heading-title elementor-size-default\">Our origin<\/h2>\t\t\t\t<\/div>\n\t\t\t\t<\/div>\n\t\t\t\t<div class=\"elementor-element elementor-element-59bce606 elementor-widget elementor-widget-spacer\" data-id=\"59bce606\" data-element_type=\"widget\" data-widget_type=\"spacer.default\">\n\t\t\t\t<div class=\"elementor-widget-container\">\n\t\t\t\t\t\t\t<div class=\"elementor-spacer\">\n\t\t\t<div class=\"elementor-spacer-inner\"><\/div>\n\t\t<\/div>\n\t\t\t\t\t\t<\/div>\n\t\t\t\t<\/div>\n\t\t\t\t\t<\/div>\n\t\t<\/div>\n\t\t\t\t\t<\/div>\n\t\t<\/section>\n\t\t\t\t<section class=\"wd-negative-gap elementor-section elementor-top-section elementor-element elementor-element-2868b65e elementor-section-content-middle elementor-section-boxed elementor-section-height-default elementor-section-height-default\" data-id=\"2868b65e\" data-element_type=\"section\">\n\t\t\t\t\t\t<div class=\"elementor-container elementor-column-gap-default\">\n\t\t\t\t\t<div class=\"elementor-column elementor-col-50 elementor-top-column elementor-element elementor-element-2bbd4867 elementor-invisible\" data-id=\"2bbd4867\" data-element_type=\"column\" data-settings=\"{&quot;background_background&quot;:&quot;classic&quot;,&quot;animation&quot;:&quot;fadeInLeft&quot;}\">\n\t\t\t<div class=\"elementor-widget-wrap elementor-element-populated\">\n\t\t\t\t\t\t<div class=\"elementor-element elementor-element-8008547 elementor-widget elementor-widget-image\" data-id=\"8008547\" data-element_type=\"widget\" data-widget_type=\"image.default\">\n\t\t\t\t<div class=\"elementor-widget-container\">\n\t\t\t\t\t\t\t\t\t\t\t\t\t\t\t<img loading=\"lazy\" decoding=\"async\" width=\"978\" height=\"800\" src=\"https:\/\/biodarma.com\/wp-content\/uploads\/2026\/05\/63e6006e-3c1e-4a1c-89cb-7dca39f9172c-978x800.png\" class=\"attachment-large size-large wp-image-18021\" alt=\"\" srcset=\"https:\/\/biodarma.com\/wp-content\/uploads\/2026\/05\/63e6006e-3c1e-4a1c-89cb-7dca39f9172c-978x800.png 978w, https:\/\/biodarma.com\/wp-content\/uploads\/2026\/05\/63e6006e-3c1e-4a1c-89cb-7dca39f9172c-367x300.png 367w, https:\/\/biodarma.com\/wp-content\/uploads\/2026\/05\/63e6006e-3c1e-4a1c-89cb-7dca39f9172c-768x628.png 768w, https:\/\/biodarma.com\/wp-content\/uploads\/2026\/05\/63e6006e-3c1e-4a1c-89cb-7dca39f9172c-1536x1257.png 1536w, https:\/\/biodarma.com\/wp-content\/uploads\/2026\/05\/63e6006e-3c1e-4a1c-89cb-7dca39f9172c-15x12.png 15w, https:\/\/biodarma.com\/wp-content\/uploads\/2026\/05\/63e6006e-3c1e-4a1c-89cb-7dca39f9172c-430x352.png 430w, https:\/\/biodarma.com\/wp-content\/uploads\/2026\/05\/63e6006e-3c1e-4a1c-89cb-7dca39f9172c-700x573.png 700w, https:\/\/biodarma.com\/wp-content\/uploads\/2026\/05\/63e6006e-3c1e-4a1c-89cb-7dca39f9172c-150x123.png 150w, https:\/\/biodarma.com\/wp-content\/uploads\/2026\/05\/63e6006e-3c1e-4a1c-89cb-7dca39f9172c.png 1920w\" sizes=\"auto, (max-width: 978px) 100vw, 978px\" \/>\t\t\t\t\t\t\t\t\t\t\t\t\t\t\t<\/div>\n\t\t\t\t<\/div>\n\t\t\t\t\t<\/div>\n\t\t<\/div>\n\t\t\t\t<div class=\"elementor-column elementor-col-50 elementor-top-column elementor-element elementor-element-3a024ded\" data-id=\"3a024ded\" data-element_type=\"column\">\n\t\t\t<div class=\"elementor-widget-wrap elementor-element-populated\">\n\t\t\t\t\t\t<div class=\"elementor-element elementor-element-1bea0c9e elementor-invisible elementor-widget elementor-widget-heading\" data-id=\"1bea0c9e\" data-element_type=\"widget\" data-settings=\"{&quot;_animation&quot;:&quot;fadeInRight&quot;}\" data-widget_type=\"heading.default\">\n\t\t\t\t<div class=\"elementor-widget-container\">\n\t\t\t\t\t<h2 class=\"elementor-heading-title elementor-size-default\">Craftsmanship and tradition<\/h2>\t\t\t\t<\/div>\n\t\t\t\t<\/div>\n\t\t\t\t<div class=\"elementor-element elementor-element-4c6ca76 wd-width-100 elementor-widget elementor-widget-wd_title\" data-id=\"4c6ca76\" data-element_type=\"widget\" data-widget_type=\"wd_title.default\">\n\t\t\t\t<div class=\"elementor-widget-container\">\n\t\t\t\t\t\t\t<div class=\"title-wrapper wd-set-mb reset-last-child wd-title-color-default wd-title-style-default wd-title-size-default text-left\">\n\n\t\t\t\n\t\t\t<div class=\"liner-continer\">\n\t\t\t\t<h4 class=\"woodmart-title-container title wd-fontsize-l\"><\/h4> \n\t\t\t\t\t\t\t<\/div>\n\n\t\t\t\t\t\t\t<div class=\"title-after_title reset-last-child wd-fontsize-xs\">\n\t\t\t\t\tI can still remember the smell of the sweets my grandmother used to make when I was a little girl, as I looked at her with admiration. At that time, I would never have imagined that, two generations later, I would follow her advice when it comes to pampering food, an essential part of the craftsmanship of her cookies, in which you could taste that delicate touch in their elaboration.\u00a0\t\t\t\t<\/div>\n\t\t\t\t\t<\/div>\n\t\t\t\t\t\t<\/div>\n\t\t\t\t<\/div>\n\t\t\t\t\t<\/div>\n\t\t<\/div>\n\t\t\t\t\t<\/div>\n\t\t<\/section>\n\t\t\t\t<section class=\"wd-negative-gap elementor-section elementor-top-section elementor-element elementor-element-46624d8 elementor-section-content-middle elementor-section-boxed elementor-section-height-default elementor-section-height-default\" data-id=\"46624d8\" data-element_type=\"section\">\n\t\t\t\t\t\t<div class=\"elementor-container elementor-column-gap-default\">\n\t\t\t\t\t<div class=\"elementor-column elementor-col-50 elementor-top-column elementor-element elementor-element-43d7c416\" data-id=\"43d7c416\" data-element_type=\"column\">\n\t\t\t<div class=\"elementor-widget-wrap elementor-element-populated\">\n\t\t\t\t\t\t<div class=\"elementor-element elementor-element-58a35b8 elementor-invisible elementor-widget elementor-widget-heading\" data-id=\"58a35b8\" data-element_type=\"widget\" data-settings=\"{&quot;_animation&quot;:&quot;fadeInRight&quot;}\" data-widget_type=\"heading.default\">\n\t\t\t\t<div class=\"elementor-widget-container\">\n\t\t\t\t\t<h2 class=\"elementor-heading-title elementor-size-default\">2. Commitment and health\n<\/h2>\t\t\t\t<\/div>\n\t\t\t\t<\/div>\n\t\t\t\t<div class=\"elementor-element elementor-element-56ce0aa wd-width-100 elementor-widget elementor-widget-wd_title\" data-id=\"56ce0aa\" data-element_type=\"widget\" data-widget_type=\"wd_title.default\">\n\t\t\t\t<div class=\"elementor-widget-container\">\n\t\t\t\t\t\t\t<div class=\"title-wrapper wd-set-mb reset-last-child wd-title-color-default wd-title-style-default wd-title-size-default text-left\">\n\n\t\t\t\n\t\t\t<div class=\"liner-continer\">\n\t\t\t\t<h4 class=\"woodmart-title-container title wd-fontsize-l\"><\/h4> \n\t\t\t\t\t\t\t<\/div>\n\n\t\t\t\t\t\t\t<div class=\"title-after_title reset-last-child wd-fontsize-xs\">\n\t\t\t\t\t<p>In our journey within the traditional bakery, we discovered a forgotten sector: products for people with intolerances to eggs, milk or wheat, among others. This prompted us to position ourselves alongside those who, in some way, saw their options limited when it came to enjoying a healthy and quality sweet.<\/p><p>Our beginning in 2006 marked a turning point. We embarked on an adventure full of learning and great experiences shared with our clients. Seeing their satisfied faces illuminated our path and reaffirmed our commitment to this project.<\/p><p>Today we are a company specialized in the exclusive manufacture of gluten-free cookies, made with practically no allergens.<\/p>\t\t\t\t<\/div>\n\t\t\t\t\t<\/div>\n\t\t\t\t\t\t<\/div>\n\t\t\t\t<\/div>\n\t\t\t\t\t<\/div>\n\t\t<\/div>\n\t\t\t\t<div class=\"elementor-column elementor-col-50 elementor-top-column elementor-element elementor-element-708d91c0 elementor-invisible\" data-id=\"708d91c0\" data-element_type=\"column\" data-settings=\"{&quot;background_background&quot;:&quot;classic&quot;,&quot;animation&quot;:&quot;fadeInRight&quot;}\">\n\t\t\t<div class=\"elementor-widget-wrap elementor-element-populated\">\n\t\t\t\t\t\t<div class=\"elementor-element elementor-element-2647bd2 elementor-widget elementor-widget-image\" data-id=\"2647bd2\" data-element_type=\"widget\" data-widget_type=\"image.default\">\n\t\t\t\t<div class=\"elementor-widget-container\">\n\t\t\t\t\t\t\t\t\t\t\t\t\t\t\t<img loading=\"lazy\" decoding=\"async\" width=\"640\" height=\"800\" src=\"https:\/\/biodarma.com\/wp-content\/uploads\/2026\/05\/Copia-de-Diseno-sin-titulo-640x800.png\" class=\"attachment-large size-large wp-image-17975\" alt=\"\" srcset=\"https:\/\/biodarma.com\/wp-content\/uploads\/2026\/05\/Copia-de-Diseno-sin-titulo-640x800.png 640w, https:\/\/biodarma.com\/wp-content\/uploads\/2026\/05\/Copia-de-Diseno-sin-titulo-240x300.png 240w, https:\/\/biodarma.com\/wp-content\/uploads\/2026\/05\/Copia-de-Diseno-sin-titulo-768x960.png 768w, https:\/\/biodarma.com\/wp-content\/uploads\/2026\/05\/Copia-de-Diseno-sin-titulo-10x12.png 10w, https:\/\/biodarma.com\/wp-content\/uploads\/2026\/05\/Copia-de-Diseno-sin-titulo-430x538.png 430w, https:\/\/biodarma.com\/wp-content\/uploads\/2026\/05\/Copia-de-Diseno-sin-titulo-700x875.png 700w, https:\/\/biodarma.com\/wp-content\/uploads\/2026\/05\/Copia-de-Diseno-sin-titulo-150x188.png 150w, https:\/\/biodarma.com\/wp-content\/uploads\/2026\/05\/Copia-de-Diseno-sin-titulo.png 1080w\" sizes=\"auto, (max-width: 640px) 100vw, 640px\" \/>\t\t\t\t\t\t\t\t\t\t\t\t\t\t\t<\/div>\n\t\t\t\t<\/div>\n\t\t\t\t\t<\/div>\n\t\t<\/div>\n\t\t\t\t\t<\/div>\n\t\t<\/section>\n\t\t\t\t<section class=\"wd-negative-gap elementor-section elementor-top-section elementor-element elementor-element-c8289fa elementor-section-content-middle elementor-section-boxed elementor-section-height-default elementor-section-height-default\" data-id=\"c8289fa\" data-element_type=\"section\">\n\t\t\t\t\t\t<div class=\"elementor-container elementor-column-gap-default\">\n\t\t\t\t\t<div class=\"elementor-column elementor-col-50 elementor-top-column elementor-element elementor-element-c799e2c elementor-invisible\" data-id=\"c799e2c\" data-element_type=\"column\" data-settings=\"{&quot;background_background&quot;:&quot;classic&quot;,&quot;animation&quot;:&quot;fadeInLeft&quot;}\">\n\t\t\t<div class=\"elementor-widget-wrap elementor-element-populated\">\n\t\t\t\t\t\t<div class=\"elementor-element elementor-element-bbc4cb6 elementor-widget elementor-widget-image\" data-id=\"bbc4cb6\" data-element_type=\"widget\" data-widget_type=\"image.default\">\n\t\t\t\t<div class=\"elementor-widget-container\">\n\t\t\t\t\t\t\t\t\t\t\t\t\t\t\t<img loading=\"lazy\" decoding=\"async\" width=\"450\" height=\"550\" src=\"https:\/\/biodarma.com\/wp-content\/uploads\/2023\/12\/reconocimiento-biodarma-450x550-1.jpg\" class=\"attachment-large size-large wp-image-15671\" alt=\"\" srcset=\"https:\/\/biodarma.com\/wp-content\/uploads\/2023\/12\/reconocimiento-biodarma-450x550-1.jpg 450w, https:\/\/biodarma.com\/wp-content\/uploads\/2023\/12\/reconocimiento-biodarma-450x550-1-430x526.jpg 430w, https:\/\/biodarma.com\/wp-content\/uploads\/2023\/12\/reconocimiento-biodarma-450x550-1-150x183.jpg 150w, https:\/\/biodarma.com\/wp-content\/uploads\/2023\/12\/reconocimiento-biodarma-450x550-1-245x300.jpg 245w\" sizes=\"auto, (max-width: 450px) 100vw, 450px\" \/>\t\t\t\t\t\t\t\t\t\t\t\t\t\t\t<\/div>\n\t\t\t\t<\/div>\n\t\t\t\t\t<\/div>\n\t\t<\/div>\n\t\t\t\t<div class=\"elementor-column elementor-col-50 elementor-top-column elementor-element elementor-element-4aba626\" data-id=\"4aba626\" data-element_type=\"column\">\n\t\t\t<div class=\"elementor-widget-wrap elementor-element-populated\">\n\t\t\t\t\t\t<div class=\"elementor-element elementor-element-0d8973f elementor-invisible elementor-widget elementor-widget-heading\" data-id=\"0d8973f\" data-element_type=\"widget\" data-settings=\"{&quot;_animation&quot;:&quot;fadeInRight&quot;}\" data-widget_type=\"heading.default\">\n\t\t\t\t<div class=\"elementor-widget-container\">\n\t\t\t\t\t<h2 class=\"elementor-heading-title elementor-size-default\">3. Recognition and motivation\n<\/h2>\t\t\t\t<\/div>\n\t\t\t\t<\/div>\n\t\t\t\t<div class=\"elementor-element elementor-element-6a75885 wd-width-100 elementor-widget elementor-widget-wd_title\" data-id=\"6a75885\" data-element_type=\"widget\" data-widget_type=\"wd_title.default\">\n\t\t\t\t<div class=\"elementor-widget-container\">\n\t\t\t\t\t\t\t<div class=\"title-wrapper wd-set-mb reset-last-child wd-title-color-default wd-title-style-default wd-title-size-default text-left\">\n\n\t\t\t\n\t\t\t<div class=\"liner-continer\">\n\t\t\t\t<h4 class=\"woodmart-title-container title wd-fontsize-l\"><\/h4> \n\t\t\t\t\t\t\t<\/div>\n\n\t\t\t\t\t\t\t<div class=\"title-after_title reset-last-child wd-fontsize-xs\">\n\t\t\t\t\t<p>We presented our product in Germany and, to our surprise, we were recognized with the gold medal for excellence in quality. I remember that moment as a breath of fresh air for our dreams: they were beginning to come true.<\/p><p>Over the years, we have received several awards, including the first prize for healthy and sustainable business.<\/p>\u00a0\u00a0\t\t\t\t<\/div>\n\t\t\t\t\t<\/div>\n\t\t\t\t\t\t<\/div>\n\t\t\t\t<\/div>\n\t\t\t\t\t<\/div>\n\t\t<\/div>\n\t\t\t\t\t<\/div>\n\t\t<\/section>\n\t\t\t\t<\/div>","protected":false},"excerpt":{"rendered":"<p>Nuestro origen 1. Artesan\u00eda y tradici\u00f3n Todav\u00eda puedo recordar el olor de los dulces que hac\u00eda mi abuela cuando yo<\/p>","protected":false},"author":2,"featured_media":0,"parent":0,"menu_order":0,"comment_status":"closed","ping_status":"closed","template":"","meta":{"footnotes":""},"class_list":["post-15664","page","type-page","status-publish","hentry"],"_links":{"self":[{"href":"https:\/\/biodarma.com\/en\/wp-json\/wp\/v2\/pages\/15664","targetHints":{"allow":["GET"]}}],"collection":[{"href":"https:\/\/biodarma.com\/en\/wp-json\/wp\/v2\/pages"}],"about":[{"href":"https:\/\/biodarma.com\/en\/wp-json\/wp\/v2\/types\/page"}],"author":[{"embeddable":true,"href":"https:\/\/biodarma.com\/en\/wp-json\/wp\/v2\/users\/2"}],"replies":[{"embeddable":true,"href":"https:\/\/biodarma.com\/en\/wp-json\/wp\/v2\/comments?post=15664"}],"version-history":[{"count":5,"href":"https:\/\/biodarma.com\/en\/wp-json\/wp\/v2\/pages\/15664\/revisions"}],"predecessor-version":[{"id":18027,"href":"https:\/\/biodarma.com\/en\/wp-json\/wp\/v2\/pages\/15664\/revisions\/18027"}],"wp:attachment":[{"href":"https:\/\/biodarma.com\/en\/wp-json\/wp\/v2\/media?parent=15664"}],"curies":[{"name":"wp","href":"https:\/\/api.w.org\/{rel}","templated":true}]}}